{"id":1259,"date":"2025-02-25T20:45:41","date_gmt":"2025-02-25T20:45:41","guid":{"rendered":"https:\/\/ipasbolivia.org\/?page_id=1259"},"modified":"2025-06-13T21:06:16","modified_gmt":"2025-06-13T21:06:16","slug":"communication","status":"publish","type":"page","link":"https:\/\/ipasbolivia.org\/en\/what-we-do\/communication\/","title":{"rendered":"Communication"},"content":{"rendered":"<p>[et_pb_section fb_built=&#8221;1&#8243; _builder_version=&#8221;4.27.4&#8243; _module_preset=&#8221;_initial&#8221; background_enable_color=&#8221;off&#8221; background_enable_image=&#8221;off&#8221; width=&#8221;100%&#8221; max_width=&#8221;100%&#8221; module_alignment=&#8221;center&#8221; custom_margin=&#8221;0vw|0px|0vw|0px|false|false&#8221; custom_padding=&#8221;0px|0px|0vw|0px|false|false&#8221; locked=&#8221;off&#8221; global_colors_info=&#8221;{}&#8221;][et_pb_row column_structure=&#8221;1_2,1_2&#8243; _builder_version=&#8221;4.27.4&#8243; _module_preset=&#8221;default&#8221; custom_margin=&#8221;||||false|false&#8221; global_colors_info=&#8221;{}&#8221;][et_pb_column type=&#8221;1_2&#8243; _builder_version=&#8221;4.26.0&#8243; _module_preset=&#8221;default&#8221; global_colors_info=&#8221;{}&#8221;][et_pb_text _builder_version=&#8221;4.27.4&#8243; _module_preset=&#8221;_initial&#8221; text_font=&#8221;ABC WHYTE BOOK &#8211; 10-24|700|||||||&#8221; text_text_color=&#8221;#2E3856&#8243; text_font_size=&#8221;24px&#8221; text_line_height=&#8221;1.3em&#8221; header_font=&#8221;ABC WHYTE INKTRAP HEAVY|900|||||||&#8221; header_2_font=&#8221;ABCWhyteInktrap-HEAVY||||||||&#8221; header_2_font_size=&#8221;3em&#8221; custom_margin=&#8221;0vw||||false|false&#8221; hover_enabled=&#8221;0&#8243; header_2_font_size_tablet=&#8221;3em&#8221; header_2_font_size_phone=&#8221;3em&#8221; header_2_font_size_last_edited=&#8221;on|phone&#8221; global_colors_info=&#8221;{}&#8221; sticky_enabled=&#8221;0&#8243;]In the Communications Area, we work to promote and make visible essential topics such as Sexual and Reproductive Rights (SRR), Sexual and Reproductive Health (SRH), Comprehensive Sexuality Education (CSE), Prevention of Sexual and Gender-Based Violence (SGBV), Legal Abortion (ILE), and Depatriarchalization. Through our communication strategies, we aim to destigmatize these topics and inform the population so that women, youth, and vulnerable communities can access accurate and unbiased information[\/et_pb_text][\/et_pb_column][et_pb_column type=&#8221;1_2&#8243; _builder_version=&#8221;4.26.0&#8243; _module_preset=&#8221;default&#8221; global_colors_info=&#8221;{}&#8221;][et_pb_image src=&#8221;https:\/\/ipasbolivia.org\/wp-content\/uploads\/2025\/02\/comm-1.jpg&#8221; alt=&#8221;Activaci\u00f3n de campa\u00f1a \u00bfQue hora es?&#8221; title_text=&#8221;Activaci\u00f3n de campa\u00f1a \u00bfQue hora es?&#8221; force_fullwidth=&#8221;on&#8221; _builder_version=&#8221;4.27.4&#8243; _module_preset=&#8221;default&#8221; global_colors_info=&#8221;{}&#8221;][\/et_pb_image][\/et_pb_column][\/et_pb_row][\/et_pb_section][et_pb_section fb_built=&#8221;1&#8243; module_id=&#8221;community&#8221; _builder_version=&#8221;4.27.4&#8243; _module_preset=&#8221;default&#8221; background_color=&#8221;rgba(249,237,125,0.2)&#8221; background_enable_image=&#8221;off&#8221; background_size=&#8221;initial&#8221; background_repeat=&#8221;repeat&#8221; module_alignment=&#8221;center&#8221; custom_margin_tablet=&#8221;0px||0px||false|false&#8221; custom_margin_phone=&#8221;0px||0px||false|false&#8221; custom_margin_last_edited=&#8221;on|phone&#8221; custom_padding=&#8221;0px|0px|0px||false|false&#8221; locked=&#8221;off&#8221; global_colors_info=&#8221;{}&#8221;][et_pb_row column_structure=&#8221;1_2,1_2&#8243; make_equal=&#8221;on&#8221; _builder_version=&#8221;4.27.4&#8243; _module_preset=&#8221;default&#8221; global_colors_info=&#8221;{}&#8221;][et_pb_column type=&#8221;1_2&#8243; _builder_version=&#8221;4.16&#8243; _module_preset=&#8221;default&#8221; global_colors_info=&#8221;{}&#8221;][et_pb_text _builder_version=&#8221;4.27.4&#8243; _module_preset=&#8221;_initial&#8221; text_font=&#8221;ABC WHYTE BOOK &#8211; 10-24||||||||&#8221; text_text_color=&#8221;#2E3856&#8243; text_font_size=&#8221;20px&#8221; text_line_height=&#8221;1.4em&#8221; header_font=&#8221;|900|||||||&#8221; header_text_color=&#8221;#F47B20&#8243; header_2_font=&#8221;ABC WHYTE INKTRAP HEAVY|800|||||||&#8221; header_2_text_color=&#8221;#F15A29&#8243; header_2_font_size=&#8221;40px&#8221; transform_scale_tablet=&#8221;&#8221; transform_scale_phone=&#8221;&#8221; transform_scale_last_edited=&#8221;on|desktop&#8221; transform_translate_tablet=&#8221;&#8221; transform_translate_phone=&#8221;&#8221; transform_translate_last_edited=&#8221;on|desktop&#8221; transform_rotate_tablet=&#8221;&#8221; transform_rotate_phone=&#8221;&#8221; transform_rotate_last_edited=&#8221;on|desktop&#8221; transform_skew_tablet=&#8221;&#8221; transform_skew_phone=&#8221;&#8221; transform_skew_last_edited=&#8221;on|desktop&#8221; transform_origin_tablet=&#8221;&#8221; transform_origin_phone=&#8221;&#8221; transform_origin_last_edited=&#8221;on|desktop&#8221; transform_styles_last_edited=&#8221;on|desktop&#8221; module_alignment=&#8221;center&#8221; custom_margin=&#8221;|0px||0px|false|false&#8221; custom_padding=&#8221;|0px||0px|false|false&#8221; text_font_size_tablet=&#8221;18px&#8221; text_font_size_phone=&#8221;18px&#8221; text_font_size_last_edited=&#8221;on|phone&#8221; header_2_font_size_tablet=&#8221;3em&#8221; header_2_font_size_phone=&#8221;2rem&#8221; header_2_font_size_last_edited=&#8221;on|phone&#8221; transform_styles_tablet=&#8221;&#8221; transform_styles_phone=&#8221;&#8221; global_colors_info=&#8221;{}&#8221;]<\/p>\n<h2>Main Communication Actions<\/h2>\n<p>Development of information, education, and communication materials: these materials focus on providing accessible, evidence-based information to facilitate learning and encourage dialogue within communities.[\/et_pb_text][et_pb_button button_url=&#8221;@ET-DC@eyJkeW5hbWljIjp0cnVlLCJjb250ZW50IjoicG9zdF9saW5rX3VybF9wYWdlIiwic2V0dGluZ3MiOnsicG9zdF9pZCI6IjEyMzcifX0=@&#8221; button_text=&#8221;Media Library&#8221; _builder_version=&#8221;4.27.4&#8243; _dynamic_attributes=&#8221;button_url&#8221; _module_preset=&#8221;4c44732a-4e5e-4833-b685-8a0f162a1e3d&#8221; global_colors_info=&#8221;{}&#8221;][\/et_pb_button][\/et_pb_column][et_pb_column type=&#8221;1_2&#8243; _builder_version=&#8221;4.16&#8243; _module_preset=&#8221;default&#8221; global_colors_info=&#8221;{}&#8221;][et_pb_image src=&#8221;https:\/\/ipasbolivia.org\/wp-content\/uploads\/2025\/02\/comms-02.jpg&#8221; alt=&#8221;Algunos materiales realizados por el \u00e1rea de comunicaci\u00f3n.&#8221; title_text=&#8221;Algunos materiales realizados por el \u00e1rea de comunicaci\u00f3n.&#8221; force_fullwidth=&#8221;on&#8221; _builder_version=&#8221;4.27.4&#8243; _module_preset=&#8221;default&#8221; global_colors_info=&#8221;{}&#8221;][\/et_pb_image][\/et_pb_column][\/et_pb_row][\/et_pb_section][et_pb_section fb_built=&#8221;1&#8243; module_id=&#8221;community&#8221; _builder_version=&#8221;4.27.4&#8243; _module_preset=&#8221;default&#8221; background_color=&#8221;#FFFFFF&#8221; background_enable_image=&#8221;off&#8221; background_size=&#8221;initial&#8221; background_repeat=&#8221;repeat&#8221; module_alignment=&#8221;center&#8221; custom_margin_tablet=&#8221;0px||0px||false|false&#8221; custom_margin_phone=&#8221;0px||0px||false|false&#8221; custom_margin_last_edited=&#8221;on|phone&#8221; custom_padding=&#8221;0px||0px||false|false&#8221; locked=&#8221;off&#8221; global_colors_info=&#8221;{}&#8221;][et_pb_row column_structure=&#8221;1_2,1_2&#8243; make_equal=&#8221;on&#8221; _builder_version=&#8221;4.27.0&#8243; _module_preset=&#8221;default&#8221; global_colors_info=&#8221;{}&#8221;][et_pb_column type=&#8221;1_2&#8243; _builder_version=&#8221;4.16&#8243; _module_preset=&#8221;default&#8221; global_colors_info=&#8221;{}&#8221;][et_pb_text _builder_version=&#8221;4.27.4&#8243; _module_preset=&#8221;_initial&#8221; text_font=&#8221;ABC WHYTE BOOK &#8211; 10-24||||||||&#8221; text_text_color=&#8221;#2E3856&#8243; text_font_size=&#8221;20px&#8221; text_line_height=&#8221;1.4em&#8221; header_font=&#8221;|900|||||||&#8221; header_text_color=&#8221;#F47B20&#8243; header_2_font=&#8221;ABC WHYTE INKTRAP HEAVY|800|||||||&#8221; header_2_text_color=&#8221;#F15A29&#8243; header_2_font_size=&#8221;40px&#8221; transform_scale_tablet=&#8221;&#8221; transform_scale_phone=&#8221;&#8221; transform_scale_last_edited=&#8221;on|desktop&#8221; transform_translate_tablet=&#8221;&#8221; transform_translate_phone=&#8221;&#8221; transform_translate_last_edited=&#8221;on|desktop&#8221; transform_rotate_tablet=&#8221;&#8221; transform_rotate_phone=&#8221;&#8221; transform_rotate_last_edited=&#8221;on|desktop&#8221; transform_skew_tablet=&#8221;&#8221; transform_skew_phone=&#8221;&#8221; transform_skew_last_edited=&#8221;on|desktop&#8221; transform_origin_tablet=&#8221;&#8221; transform_origin_phone=&#8221;&#8221; transform_origin_last_edited=&#8221;on|desktop&#8221; transform_styles_last_edited=&#8221;on|desktop&#8221; module_alignment=&#8221;center&#8221; custom_margin=&#8221;|0px||0px|false|false&#8221; custom_padding=&#8221;|0px||0px|false|false&#8221; text_font_size_tablet=&#8221;18px&#8221; text_font_size_phone=&#8221;18px&#8221; text_font_size_last_edited=&#8221;on|phone&#8221; header_2_font_size_tablet=&#8221;3em&#8221; header_2_font_size_phone=&#8221;2rem&#8221; header_2_font_size_last_edited=&#8221;on|phone&#8221; transform_styles_tablet=&#8221;&#8221; transform_styles_phone=&#8221;&#8221; global_colors_info=&#8221;{}&#8221;]<\/p>\n<h2>Innovation in Digital Communication<\/h2>\n<p>Our digital innovation approach seeks to maximize the use of emerging platforms and technologies to educate, raise awareness, and mobilize diverse audiences.[\/et_pb_text][et_pb_button button_url=&#8221;@ET-DC@eyJkeW5hbWljIjp0cnVlLCJjb250ZW50IjoicG9zdF9saW5rX3VybF9wYWdlIiwic2V0dGluZ3MiOnsicG9zdF9pZCI6IjQ1MiJ9fQ==@&#8221; button_text=&#8221;Initiatives&#8221; _builder_version=&#8221;4.27.4&#8243; _dynamic_attributes=&#8221;button_url&#8221; _module_preset=&#8221;4c44732a-4e5e-4833-b685-8a0f162a1e3d&#8221; global_colors_info=&#8221;{}&#8221;][\/et_pb_button][\/et_pb_column][et_pb_column type=&#8221;1_2&#8243; _builder_version=&#8221;4.16&#8243; _module_preset=&#8221;default&#8221; global_colors_info=&#8221;{}&#8221;][et_pb_image src=&#8221;https:\/\/ipasbolivia.org\/wp-content\/uploads\/2025\/02\/comms-3.jpg&#8221; alt=&#8221;Usuaria utilizando el primer chatbot desarrollado con inteligencia artificial en Bolivia \u201cDra. Violeta&#8221; title_text=&#8221;Usuaria utilizando el primer chatbot desarrollado con inteligencia artificial en Bolivia \u201cDra. Violeta&#8221; force_fullwidth=&#8221;on&#8221; _builder_version=&#8221;4.27.4&#8243; _module_preset=&#8221;default&#8221; global_colors_info=&#8221;{}&#8221;][\/et_pb_image][\/et_pb_column][\/et_pb_row][\/et_pb_section][et_pb_section fb_built=&#8221;1&#8243; module_id=&#8221;community&#8221; _builder_version=&#8221;4.27.4&#8243; _module_preset=&#8221;default&#8221; background_color=&#8221;rgba(249,237,125,0.2)&#8221; background_enable_image=&#8221;off&#8221; background_size=&#8221;initial&#8221; background_repeat=&#8221;repeat&#8221; module_alignment=&#8221;center&#8221; custom_margin_tablet=&#8221;0px||0px||false|false&#8221; custom_margin_phone=&#8221;0px||0px||false|false&#8221; custom_margin_last_edited=&#8221;on|phone&#8221; custom_padding=&#8221;0px||0px||false|false&#8221; locked=&#8221;off&#8221; global_colors_info=&#8221;{}&#8221;][et_pb_row column_structure=&#8221;1_2,1_2&#8243; make_equal=&#8221;on&#8221; _builder_version=&#8221;4.27.0&#8243; _module_preset=&#8221;default&#8221; global_colors_info=&#8221;{}&#8221;][et_pb_column type=&#8221;1_2&#8243; _builder_version=&#8221;4.16&#8243; _module_preset=&#8221;default&#8221; global_colors_info=&#8221;{}&#8221;][et_pb_text _builder_version=&#8221;4.27.4&#8243; _module_preset=&#8221;_initial&#8221; text_font=&#8221;ABC WHYTE BOOK &#8211; 10-24||||||||&#8221; text_text_color=&#8221;#2E3856&#8243; text_font_size=&#8221;20px&#8221; text_line_height=&#8221;1.4em&#8221; header_font=&#8221;|900|||||||&#8221; header_text_color=&#8221;#F47B20&#8243; header_2_font=&#8221;ABC WHYTE INKTRAP HEAVY|800|||||||&#8221; header_2_text_color=&#8221;#F15A29&#8243; header_2_font_size=&#8221;40px&#8221; transform_scale_tablet=&#8221;&#8221; transform_scale_phone=&#8221;&#8221; transform_scale_last_edited=&#8221;on|desktop&#8221; transform_translate_tablet=&#8221;&#8221; transform_translate_phone=&#8221;&#8221; transform_translate_last_edited=&#8221;on|desktop&#8221; transform_rotate_tablet=&#8221;&#8221; transform_rotate_phone=&#8221;&#8221; transform_rotate_last_edited=&#8221;on|desktop&#8221; transform_skew_tablet=&#8221;&#8221; transform_skew_phone=&#8221;&#8221; transform_skew_last_edited=&#8221;on|desktop&#8221; transform_origin_tablet=&#8221;&#8221; transform_origin_phone=&#8221;&#8221; transform_origin_last_edited=&#8221;on|desktop&#8221; transform_styles_last_edited=&#8221;on|desktop&#8221; module_alignment=&#8221;center&#8221; custom_margin=&#8221;|0px||0px|false|false&#8221; custom_padding=&#8221;|0px||0px|false|false&#8221; text_font_size_tablet=&#8221;18px&#8221; text_font_size_phone=&#8221;18px&#8221; text_font_size_last_edited=&#8221;on|phone&#8221; header_2_font_size_tablet=&#8221;3em&#8221; header_2_font_size_phone=&#8221;2rem&#8221; header_2_font_size_last_edited=&#8221;on|phone&#8221; transform_styles_tablet=&#8221;&#8221; transform_styles_phone=&#8221;&#8221; global_colors_info=&#8221;{}&#8221;]<\/p>\n<h2>Social Media<\/h2>\n<p>Social media is a key platform for our mission to destigmatize sexual and reproductive rights. Through our accounts, we share information, updates on our programs, and awareness campaigns that promote gender equality and reproductive rights.[\/et_pb_text][\/et_pb_column][et_pb_column type=&#8221;1_2&#8243; _builder_version=&#8221;4.16&#8243; _module_preset=&#8221;default&#8221; global_colors_info=&#8221;{}&#8221;][et_pb_image src=&#8221;https:\/\/ipasbolivia.org\/wp-content\/uploads\/2025\/02\/comms-4.jpg&#8221; alt=&#8221;P\u00e1gina de tiktok de Ipas Bolivia.&#8221; title_text=&#8221;P\u00e1gina de tiktok de Ipas Bolivia&#8221; _builder_version=&#8221;4.27.4&#8243; _module_preset=&#8221;default&#8221; global_colors_info=&#8221;{}&#8221;][\/et_pb_image][\/et_pb_column][\/et_pb_row][\/et_pb_section][et_pb_section fb_built=&#8221;1&#8243; module_id=&#8221;community&#8221; _builder_version=&#8221;4.27.4&#8243; _module_preset=&#8221;default&#8221; background_color=&#8221;#FFFFFF&#8221; background_enable_image=&#8221;off&#8221; background_size=&#8221;initial&#8221; background_repeat=&#8221;repeat&#8221; module_alignment=&#8221;center&#8221; custom_margin_tablet=&#8221;0px||0px||false|false&#8221; custom_margin_phone=&#8221;0px||0px||false|false&#8221; custom_margin_last_edited=&#8221;on|phone&#8221; custom_padding=&#8221;0px||0px||false|false&#8221; locked=&#8221;off&#8221; global_colors_info=&#8221;{}&#8221;][et_pb_row column_structure=&#8221;1_2,1_2&#8243; make_equal=&#8221;on&#8221; _builder_version=&#8221;4.27.0&#8243; _module_preset=&#8221;default&#8221; global_colors_info=&#8221;{}&#8221;][et_pb_column type=&#8221;1_2&#8243; _builder_version=&#8221;4.16&#8243; _module_preset=&#8221;default&#8221; global_colors_info=&#8221;{}&#8221;][et_pb_text _builder_version=&#8221;4.27.4&#8243; _module_preset=&#8221;_initial&#8221; text_font=&#8221;ABC WHYTE BOOK &#8211; 10-24||||||||&#8221; text_text_color=&#8221;#2E3856&#8243; text_font_size=&#8221;20px&#8221; text_line_height=&#8221;1.4em&#8221; header_font=&#8221;|900|||||||&#8221; header_text_color=&#8221;#F47B20&#8243; header_2_font=&#8221;ABC WHYTE INKTRAP HEAVY|800|||||||&#8221; header_2_text_color=&#8221;#F15A29&#8243; header_2_font_size=&#8221;40px&#8221; transform_scale_tablet=&#8221;&#8221; transform_scale_phone=&#8221;&#8221; transform_scale_last_edited=&#8221;on|desktop&#8221; transform_translate_tablet=&#8221;&#8221; transform_translate_phone=&#8221;&#8221; transform_translate_last_edited=&#8221;on|desktop&#8221; transform_rotate_tablet=&#8221;&#8221; transform_rotate_phone=&#8221;&#8221; transform_rotate_last_edited=&#8221;on|desktop&#8221; transform_skew_tablet=&#8221;&#8221; transform_skew_phone=&#8221;&#8221; transform_skew_last_edited=&#8221;on|desktop&#8221; transform_origin_tablet=&#8221;&#8221; transform_origin_phone=&#8221;&#8221; transform_origin_last_edited=&#8221;on|desktop&#8221; transform_styles_last_edited=&#8221;on|desktop&#8221; module_alignment=&#8221;center&#8221; custom_margin=&#8221;|0px||0px|false|false&#8221; custom_padding=&#8221;|0px||0px|false|false&#8221; text_font_size_tablet=&#8221;18px&#8221; text_font_size_phone=&#8221;18px&#8221; text_font_size_last_edited=&#8221;on|phone&#8221; header_2_font_size_tablet=&#8221;3em&#8221; header_2_font_size_phone=&#8221;2rem&#8221; header_2_font_size_last_edited=&#8221;on|phone&#8221; transform_styles_tablet=&#8221;&#8221; transform_styles_phone=&#8221;&#8221; global_colors_info=&#8221;{}&#8221;]<\/p>\n<h2>Digital Leaders Training<\/h2>\n<p>This program is designed to train youth and activists in the strategic use of digital platforms and social media. These leaders will be agents of change, empowered to create and share educational content, destigmatize sensitive topics like sexual and reproductive rights (SRR) and comprehensive<br \/>sexuality education.<\/p>\n<p>[\/et_pb_text][et_pb_button button_url=&#8221;https:\/\/www.instagram.com\/informate.imilla\/&#8221; url_new_window=&#8221;on&#8221; button_text=&#8221;View the first generation&#8221; _builder_version=&#8221;4.27.4&#8243; _module_preset=&#8221;4c44732a-4e5e-4833-b685-8a0f162a1e3d&#8221; global_colors_info=&#8221;{}&#8221;][\/et_pb_button][\/et_pb_column][et_pb_column type=&#8221;1_2&#8243; _builder_version=&#8221;4.16&#8243; _module_preset=&#8221;default&#8221; global_colors_info=&#8221;{}&#8221;][et_pb_slider show_arrows=&#8221;off&#8221; arrows_custom_color=&#8221;#F15A29&#8243; _builder_version=&#8221;4.27.4&#8243; _module_preset=&#8221;default&#8221; background_color=&#8221;RGBA(255,255,255,0)&#8221; width=&#8221;100%&#8221; custom_margin=&#8221;||0px||false|false&#8221; custom_padding=&#8221;||0px||false|false&#8221; animation_style=&#8221;fade&#8221; auto=&#8221;on&#8221; global_colors_info=&#8221;{}&#8221;][et_pb_slide image=&#8221;https:\/\/ipasbolivia.org\/wp-content\/uploads\/2025\/02\/comms-5.jpg&#8221; _builder_version=&#8221;4.27.4&#8243; _module_preset=&#8221;default&#8221; global_colors_info=&#8221;{}&#8221; sticky_transition=&#8221;on&#8221;][\/et_pb_slide][et_pb_slide image=&#8221;https:\/\/ipasbolivia.org\/wp-content\/uploads\/2025\/02\/comms-4-1.jpg&#8221; _builder_version=&#8221;4.27.4&#8243; _module_preset=&#8221;default&#8221; global_colors_info=&#8221;{}&#8221; sticky_transition=&#8221;on&#8221;][\/et_pb_slide][et_pb_slide image=&#8221;https:\/\/ipasbolivia.org\/wp-content\/uploads\/2025\/02\/comms-5-3.jpg&#8221; _builder_version=&#8221;4.27.4&#8243; _module_preset=&#8221;default&#8221; global_colors_info=&#8221;{}&#8221; sticky_transition=&#8221;on&#8221;][\/et_pb_slide][et_pb_slide image=&#8221;https:\/\/ipasbolivia.org\/wp-content\/uploads\/2025\/02\/comms-5-4.jpg&#8221; _builder_version=&#8221;4.27.4&#8243; _module_preset=&#8221;default&#8221; global_colors_info=&#8221;{}&#8221; sticky_transition=&#8221;on&#8221;][\/et_pb_slide][\/et_pb_slider][\/et_pb_column][\/et_pb_row][\/et_pb_section][et_pb_section fb_built=&#8221;1&#8243; module_id=&#8221;community&#8221; _builder_version=&#8221;4.27.4&#8243; _module_preset=&#8221;default&#8221; background_color=&#8221;rgba(249,237,125,0.2)&#8221; background_enable_image=&#8221;off&#8221; background_size=&#8221;initial&#8221; background_repeat=&#8221;repeat&#8221; module_alignment=&#8221;center&#8221; custom_margin=&#8221;||0px||false|false&#8221; custom_margin_tablet=&#8221;0px||0px||false|false&#8221; custom_margin_phone=&#8221;0px||0px||false|false&#8221; custom_margin_last_edited=&#8221;on|phone&#8221; custom_padding=&#8221;0px||0px||false|false&#8221; locked=&#8221;off&#8221; global_colors_info=&#8221;{}&#8221;][et_pb_row _builder_version=&#8221;4.27.4&#8243; _module_preset=&#8221;default&#8221; global_colors_info=&#8221;{}&#8221;][et_pb_column type=&#8221;4_4&#8243; _builder_version=&#8221;4.27.4&#8243; _module_preset=&#8221;default&#8221; global_colors_info=&#8221;{}&#8221;][et_pb_text _builder_version=&#8221;4.27.4&#8243; _module_preset=&#8221;default&#8221; text_font=&#8221;ABC WHYTE BOOK &#8211; 10-24||||||||&#8221; text_text_color=&#8221;#2E3856&#8243; text_font_size=&#8221;20px&#8221; text_line_height=&#8221;1.4em&#8221; header_font=&#8221;|900|||||||&#8221; header_text_color=&#8221;#F47B20&#8243; header_2_font=&#8221;ABC WHYTE INKTRAP HEAVY|800|||||||&#8221; header_2_text_align=&#8221;center&#8221; header_2_text_color=&#8221;#F15A29&#8243; header_2_font_size=&#8221;40px&#8221; module_alignment=&#8221;center&#8221; custom_margin=&#8221;|0px||0px|false|false&#8221; custom_padding=&#8221;|0px||0px|false|false&#8221; text_font_size_tablet=&#8221;18px&#8221; text_font_size_phone=&#8221;18px&#8221; text_font_size_last_edited=&#8221;on|phone&#8221; header_2_font_size_tablet=&#8221;3em&#8221; header_2_font_size_phone=&#8221;2rem&#8221; header_2_font_size_last_edited=&#8221;on|phone&#8221; global_colors_info=&#8221;{}&#8221;]<\/p>\n<h2>Highlighted Achievements<\/h2>\n<p>[\/et_pb_text][\/et_pb_column][\/et_pb_row][et_pb_row column_structure=&#8221;1_3,1_3,1_3&#8243; make_equal=&#8221;on&#8221; _builder_version=&#8221;4.27.4&#8243; _module_preset=&#8221;default&#8221; global_colors_info=&#8221;{}&#8221;][et_pb_column type=&#8221;1_3&#8243; _builder_version=&#8221;4.27.4&#8243; _module_preset=&#8221;default&#8221; background_color=&#8221;#FFFFFF&#8221; global_colors_info=&#8221;{}&#8221;][et_pb_image src=&#8221;https:\/\/ipasbolivia.org\/wp-content\/uploads\/2025\/02\/comms-.jpg&#8221; alt=&#8221;Portada del sitio web Dra. Violeta<br \/>\n&#8221; title_text=&#8221;Portada del sitio web Dra. Violeta&#8221; show_bottom_space=&#8221;off&#8221; _builder_version=&#8221;4.27.4&#8243; _module_preset=&#8221;default&#8221; global_colors_info=&#8221;{}&#8221;][\/et_pb_image][et_pb_cta title=&#8221;Developed the first AI-powered chatbot to combat sexual violence. &#8221; button_url=&#8221;https:\/\/violetacontralaviolenciasexual.com\/&#8221; url_new_window=&#8221;on&#8221; button_text=&#8221;See More&#8221; _builder_version=&#8221;4.27.4&#8243; _module_preset=&#8221;default&#8221; header_text_color=&#8221;#2E3856&#8243; header_font_size=&#8221;18px&#8221; custom_padding=&#8221;16px||16px||true|false&#8221; link_option_url=&#8221;https:\/\/violetacontralaviolenciasexual.com\/&#8221; link_option_url_new_window=&#8221;on&#8221; global_colors_info=&#8221;{}&#8221;][\/et_pb_cta][\/et_pb_column][et_pb_column type=&#8221;1_3&#8243; _builder_version=&#8221;4.16&#8243; _module_preset=&#8221;default&#8221; background_color=&#8221;#FFFFFF&#8221; global_colors_info=&#8221;{}&#8221;][et_pb_image src=&#8221;https:\/\/ipasbolivia.org\/wp-content\/uploads\/2025\/02\/comms-7.jpg&#8221; alt=&#8221;Algunos materiales impresos y digitales realizados&#8221; title_text=&#8221;Algunos materiales impresos y digitales realizados&#8221; show_bottom_space=&#8221;off&#8221; _builder_version=&#8221;4.27.4&#8243; _module_preset=&#8221;default&#8221; global_colors_info=&#8221;{}&#8221;][\/et_pb_image][et_pb_cta title=&#8221;Produced 117 print and digital publications, generating favorable public opinion toward the exercise of Sexual and Reproductive Rights, primarily benefiting women and girls.&#8221; button_url=&#8221;https:\/\/violetacontralaviolenciasexual.com\/&#8221; url_new_window=&#8221;on&#8221; _builder_version=&#8221;4.27.4&#8243; _module_preset=&#8221;default&#8221; header_text_color=&#8221;#2E3856&#8243; header_font_size=&#8221;18px&#8221; custom_padding=&#8221;16px||16px||true|false&#8221; link_option_url=&#8221;https:\/\/violetacontralaviolenciasexual.com\/&#8221; link_option_url_new_window=&#8221;on&#8221; global_colors_info=&#8221;{}&#8221;][\/et_pb_cta][\/et_pb_column][et_pb_column type=&#8221;1_3&#8243; _builder_version=&#8221;4.16&#8243; _module_preset=&#8221;default&#8221; background_color=&#8221;#FFFFFF&#8221; global_colors_info=&#8221;{}&#8221;][et_pb_image src=&#8221;https:\/\/ipasbolivia.org\/wp-content\/uploads\/2025\/02\/comms-8.jpg&#8221; alt=&#8221;Asistentes a la feria %22M\u00e1s hombres sanos, menos violencia%22 evento que promueve la salud masculina y la lucha contra la violencia&#8221; title_text=&#8221;Asistentes a la feria %22M\u00e1s hombres sanos, menos violencia%22 evento que promueve la salud masculina y la lucha contra la violencia&#8221; show_bottom_space=&#8221;off&#8221; _builder_version=&#8221;4.27.4&#8243; _module_preset=&#8221;default&#8221; global_colors_info=&#8221;{}&#8221;][\/et_pb_image][et_pb_cta title=&#8221;Reached over 4 million people through 3,866 posts on Ipas Bolivia&#8217;s social media from 2020 to October 2024, contributing to democratizing information about SRHR and breaking down the myths surrounding it.&#8221; button_url=&#8221;https:\/\/violetacontralaviolenciasexual.com\/&#8221; url_new_window=&#8221;on&#8221; _builder_version=&#8221;4.27.4&#8243; _module_preset=&#8221;default&#8221; header_text_color=&#8221;#2E3856&#8243; header_font_size=&#8221;18px&#8221; custom_padding=&#8221;16px||16px||true|false&#8221; link_option_url=&#8221;https:\/\/violetacontralaviolenciasexual.com\/&#8221; link_option_url_new_window=&#8221;on&#8221; global_colors_info=&#8221;{}&#8221;][\/et_pb_cta][\/et_pb_column][\/et_pb_row][\/et_pb_section]<\/p>\n","protected":false},"excerpt":{"rendered":"<p>In the Communications Area, we work to promote and make visible essential topics such as Sexual and Reproductive Rights (SRR), Sexual and Reproductive Health (SRH), Comprehensive Sexuality Education (CSE), Prevention of Sexual and Gender-Based Violence (SGBV), Legal Abortion (ILE), and Depatriarchalization. Through our communication strategies, we aim to destigmatize these topics and inform the population [&hellip;]<\/p>\n","protected":false},"author":2,"featured_media":0,"parent":200,"menu_order":0,"comment_status":"closed","ping_status":"closed","template":"","meta":{"_et_pb_use_builder":"on","_et_pb_old_content":"","_et_gb_content_width":"","inline_featured_image":false,"_monsterinsights_skip_tracking":false,"_monsterinsights_sitenote_active":false,"_monsterinsights_sitenote_note":"","_monsterinsights_sitenote_category":0,"footnotes":""},"class_list":["post-1259","page","type-page","status-publish","hentry"],"_links":{"self":[{"href":"https:\/\/ipasbolivia.org\/en\/wp-json\/wp\/v2\/pages\/1259","targetHints":{"allow":["GET"]}}],"collection":[{"href":"https:\/\/ipasbolivia.org\/en\/wp-json\/wp\/v2\/pages"}],"about":[{"href":"https:\/\/ipasbolivia.org\/en\/wp-json\/wp\/v2\/types\/page"}],"author":[{"embeddable":true,"href":"https:\/\/ipasbolivia.org\/en\/wp-json\/wp\/v2\/users\/2"}],"replies":[{"embeddable":true,"href":"https:\/\/ipasbolivia.org\/en\/wp-json\/wp\/v2\/comments?post=1259"}],"version-history":[{"count":0,"href":"https:\/\/ipasbolivia.org\/en\/wp-json\/wp\/v2\/pages\/1259\/revisions"}],"up":[{"embeddable":true,"href":"https:\/\/ipasbolivia.org\/en\/wp-json\/wp\/v2\/pages\/200"}],"wp:attachment":[{"href":"https:\/\/ipasbolivia.org\/en\/wp-json\/wp\/v2\/media?parent=1259"}],"curies":[{"name":"wp","href":"https:\/\/api.w.org\/{rel}","templated":true}]}}